{"id":6,"date":"2025-04-25T17:52:41","date_gmt":"2025-04-25T17:52:41","guid":{"rendered":"https:\/\/radiounionfamiliar.com\/?page_id=6"},"modified":"2025-04-25T18:49:22","modified_gmt":"2025-04-25T18:49:22","slug":"mesmerize","status":"publish","type":"page","link":"https:\/\/radiounionfamiliar.com\/","title":{"rendered":"Front Page"},"content":{"rendered":"<div  id=\"about-1\" style=\"background-color: #f5fafd;\" data-label=\"About\" data-id=\"about-images-right-section-mc\" data-export-id=\"about-images-right-section-mc\" data-bullets-visibility=\"true\" data-category=\"about\" class=\"about-images-right-section-mc content-section content-section-spacing\"><div  class=\"gridContainer\"> <div  class=\"row middle-sm text-center\"><div  class=\"col-sm-5 content-left-sm\" data-type=\"column\">  <h2  class=\"\">Nuestra Historia<\/h2> <p  class=\"\">La historia del presidente de Radiounionfamiliar.com comenzando su deseo de la radio .En el 1977 al 1985 siendo un nino Carlos jugaba a tener una radio alborotando en el barrio donde viv\u00eda con unas bocinas Viejas y jugaba a que mucha gente lo escuchaban atreves de su radio.As\u00ed fue convirti\u00e9ndose en adolescente y joven el nino Carlos. Su deseo por la radio fue creciendo mas cada d\u00eda. De joven escuchaba los programas de Jorge Rashki y Clamor a Dios, Los cuales el trasmit\u00eda atreves de su peque\u00f1o equipo de sonido. De adulto siempre su deseo de tener su propia radio fue creciendo mucho mas en su Corazon. Pero el no sabia como hacerlo, en el 1990 se le da la oportunidad de ingresar en un grupo de radio aficionado conocido como \u201cradio civi\u201d el cual se dedicaba a trasmitir y a comunicarse con personas de diferentes pueblos de Puerto Rico. En el 1993 decidi\u00f3 renunciar al grupo donde pertenec\u00eda y decide fundar su propio grupo al cual llamo \u201cVigilantes Voluntarios De Corozal\u201d con ese grupo trabajo hasta el 1997. Cuando decide dejar acargo al vice-presidente para tomar un Nuevo rumbo en su vida,parte hacia los Estados Unidos , pero el deseo de la radio seguia en su Corazon. Pero apartado de Dios sufrio mucho recibio muchos golpes por andar de espaldas de Dios. En el 2001 decide irse de regreso a Puerto Rico y ahi estuvo durante 8 anos. pero aun seguia el deseo de la radio.En el 2010 decide partir y reaser su vida nuevamente en E.U. ahi fue cuando un primo hermano le dijo que tenia una radio online,en ese momento decidio caminar juntamente con Dios y cumplir sus suenos de tener su propia radio Ahora Cristiana y fue asi que en Octubre 3, 2011 a las 8:30pm nacio RADIOUNIONFAMILIAR, LA RADIO QUE UNE A LAS FAMILIAS.<\/p> <\/div> <div  class=\"col-sm-7 space-bottom-xs\"><div  class=\"image-group-side-3-img\"> <img  decoding=\"async\" class=\"topimg shadow-large\" src=\"https:\/\/radiounionfamiliar.com\/wp-content\/themes\/highlight\/customizer\/sections\/images\/cropped-paper-571937_1920.jpg\"> <img  decoding=\"async\" class=\"rightimg shadow-large\" src=\"https:\/\/radiounionfamiliar.com\/wp-content\/themes\/highlight\/customizer\/sections\/images\/cropped-cropped-background-2726039-6x4.jpg\"> <div  class=\"leftimg\"> <img  decoding=\"async\" class=\"shadow-large\" src=\"https:\/\/radiounionfamiliar.com\/wp-content\/uploads\/2025\/04\/cropped-union.png\" title=\"cropped-union.png\" alt=\"\"><\/div> <\/div><\/div> <\/div><\/div> <\/div><div  id=\"cta-1\" style=\"background-color: #f5fafd;\" data-label=\"Cta\" data-id=\"cta-blue-section-mc\" data-export-id=\"cta-blue-section-mc\" data-category=\"cta\" class=\"cta-blue-section-mc content-section content-section-spacing le_cocktail white-text\"><div  class=\"gridContainer\"> <div  class=\"row middle-xs\"><div  class=\"col-sm-8 space-bottom-xs\" data-type=\"column\">  <\/div> <div  class=\"col-sm-4 end-sm\" data-type=\"column\"> <\/div> <\/div><\/div> <\/div><div  id=\"team-1\" style=\"background-color: #ffffff;\" data-label=\"Team\" data-id=\"team-5-mc\" data-export-id=\"team-5-mc\" data-bullets-visibility=\"true\" data-category=\"team\" class=\"team-5-mc content-section content-section-spacing\"><div  class=\"gridContainer\"> <div  class=\"row text-center\"><div  class=\"section-title-col\" data-type=\"column\"> <h5  class=\"\">Conectate con nosotros<\/h5>  <\/div> <\/div> <div  class=\"row spaced-cols content-center-sm\" data-type=\"row\"> <div  class=\"col-xs-12 col-sm-6 col-md-3 col-padding\"> <div  class=\"row \"> <div  data-type=\"column\" class=\"col-xs-12 col-sm-12\"> <a  data-cp-link=\"1\" href=\"https:\/\/www.facebook.com\/Radiounionfamiliar6?ref=settings\" class=\"\" target=\"_self\"><img  decoding=\"async\" class=\"round face\" src=\"https:\/\/radiounionfamiliar.com\/wp-content\/uploads\/2025\/04\/cropped-fb.png\" title=\"cropped-fb.png\" alt=\"\"><\/a> <h4  class=\"font-500\">Facebook<\/h4> <p  class=\"italic\">Haz Clck al link superior<\/p>  <div  class=\"social-icons-group\" data-type=\"group\"> <a  href=\"#\"><i  class=\"gray fa icon fa-facebook-square small\"><\/i><\/a> <a  href=\"#\"><i  class=\"gray fa icon fa-twitter-square small\"><\/i><\/a> <a  href=\"#\"><i  class=\"gray fa icon fa-linkedin-square small\"><\/i><\/a> <a  href=\"#\"><i  class=\"gray fa icon fa-google-plus-square small\"><\/i><\/a><\/div> <\/div><\/div> <\/div> <div  class=\"col-xs-12 col-sm-6 col-md-3 col-padding\"> <div  class=\"row \"> <div  data-type=\"column\" class=\"col-xs-12 col-sm-12\"> <a  data-cp-link=\"1\" href=\"https:\/\/x.com\/i\/flow\/login?redirect_after_login=%2FRadioUnionFam1\" class=\"\" target=\"_self\"><img  decoding=\"async\" class=\"round face\" src=\"https:\/\/radiounionfamiliar.com\/wp-content\/uploads\/2025\/04\/cropped-x.png\" title=\"cropped-x.png\" alt=\"\"><\/a> <h4  class=\"font-500\">Twitter&nbsp; X<\/h4> <p  class=\"italic\">Haz Click al link superior<\/p>  <div  class=\"social-icons-group\" data-type=\"group\"> <a  href=\"#\"><i  class=\"gray fa icon fa-facebook-square small\"><\/i><\/a> <a  href=\"#\"><i  class=\"gray fa icon fa-twitter-square small\"><\/i><\/a> <a  href=\"#\"><i  class=\"gray fa icon fa-linkedin-square small\"><\/i><\/a> <a  href=\"#\"><i  class=\"gray fa icon fa-google-plus-square small\"><\/i><\/a><\/div> <\/div><\/div> <\/div> <div  class=\"col-xs-12 col-sm-6 col-md-3 col-padding\"> <div  class=\"row \"> <div  data-type=\"column\" class=\"col-xs-12 col-sm-12\"> <a  data-cp-link=\"1\" href=\"https:\/\/tunein.com\/radio\/Radio-Union-Familiar-s167514\" class=\"\" target=\"_self\"><img  decoding=\"async\" class=\"round face\" src=\"https:\/\/radiounionfamiliar.com\/wp-content\/uploads\/2025\/04\/cropped-tunein.png\" title=\"cropped-tunein.png\" alt=\"\"><\/a> <h4  class=\"font-500\">Tunein<\/h4> <p  class=\"italic\">Haz Click en el&nbsp; link superior<\/p>  <div  class=\"social-icons-group\" data-type=\"group\"> <a  href=\"#\"><i  class=\"gray fa icon fa-facebook-square small\"><\/i><\/a> <a  href=\"#\"><i  class=\"gray fa icon fa-twitter-square small\"><\/i><\/a> <a  href=\"#\"><i  class=\"gray fa icon fa-linkedin-square small\"><\/i><\/a> <a  href=\"#\"><i  class=\"gray fa icon fa-google-plus-square small\"><\/i><\/a><\/div> <\/div><\/div> <\/div> <div  class=\"col-xs-12 col-sm-6 col-md-3 col-padding\"> <div  class=\"row \"> <div  data-type=\"column\" class=\"col-xs-12 col-sm-12\"> <a  data-cp-link=\"1\" href=\"https:\/\/www.youtube.com\/channel\/UC8iriRp7Vr4VM_8VWm8aPLA\" class=\"\" target=\"_self\"><img  decoding=\"async\" class=\"round face\" src=\"https:\/\/radiounionfamiliar.com\/wp-content\/uploads\/2025\/04\/cropped-youtube.png\" title=\"cropped-youtube.png\" alt=\"\"><\/a> <h4  class=\"font-500\">Team Member<\/h4> <p  class=\"italic\">job title<\/p>  <div  class=\"social-icons-group\" data-type=\"group\"> <a  href=\"#\"><i  class=\"gray fa icon fa-facebook-square small\"><\/i><\/a> <a  href=\"#\"><i  class=\"gray fa icon fa-twitter-square small\"><\/i><\/a> <a  href=\"#\"><i  class=\"gray fa icon fa-linkedin-square small\"><\/i><\/a> <a  href=\"#\"><i  class=\"gray fa icon fa-google-plus-square small\"><\/i><\/a><\/div> <\/div><\/div> <\/div><\/div> <\/div><\/div><div  id=\"latest-news-1\" style=\"background-color: #f5fafd;\" data-label=\"Latest-news\" data-id=\"blog-section-mc\" data-export-id=\"blog-section-mc\" data-category=\"latest_news\" class=\"blog-section-mc blog-section-standard content-section content-section-spacing\"><div  class=\"gridContainer\"> <div  class=\"row\"><div  data-type=\"column\" class=\"section-title-col\"> <h5  class=\"\">Donaciones<\/h5> <h2  class=\"\">Haz tu donacion para apoyarnos a distribuir nuestro contenido<\/h2> <a  data-cp-link=\"1\" href=\"https:\/\/www.paypal.com\/donate?hosted_button_id=V5PGJ9PCXPWUG\" class=\"\" target=\"_self\"><img  decoding=\"async\" class=\"custom-image\" src=\"https:\/\/radiounionfamiliar.com\/wp-content\/uploads\/2025\/04\/cropped-paypal.jpg\" title=\"cropped-paypal.jpg\" alt=\"\"><\/a><p  class=\"lead\">Marcos 16:15\n<br >Y les dijo: Id por todo el mundo y predicad el evangelio a todo criatura.<\/p><a data-cp-link=\"1\" href=\"https:\/\/www.biblia.es\/reina-valera-1960.php\"  class=\"\" target=\"_self\"><img decoding=\"async\"  class=\"custom-image\" src=\"https:\/\/radiounionfamiliar.com\/wp-content\/uploads\/2025\/04\/cropped-biblia.png\" title=\"cropped-biblia.png\" alt=\"\"><\/a><\/div> <\/div> <div  class=\"row\"> <div  data-type=\"row\" data-dynamic-columns=\"handled\" data-content-shortcode=\"mesmerize_latest_news posts=&quot;3&quot;\">\t\t<div class=\"row center-sm content-left-sm\">\n\t\t\t\t\t<div id=\"post-1\" class=\"col-sm-6 col-md-4 space-bottom space-bottom-xs\">\n\t\t\t\t<div class=\"post-content card y-move bordered\">\n\t\t\t\t\t<div class=\"post-thumbnail\">\n   <a href=\"https:\/\/radiounionfamiliar.com\/?p=1\" class=\"post-list-item-thumb \">\n      \n            <svg class=\"mesmerize-post-list-item-thumb-placeholder\" width=\"890\" height=\"580\" viewBox=\"0 0 890 580\"\n         preserveAspectRatio=\"none\">\n         <rect width=\"890\" height=\"580\" style=\"fill:#FF9800;\"><\/rect>\n      <\/svg>\n               <\/a>\n<\/div>\n\t\t\t\t\t<div class=\"col-padding col-padding-xs\">\n\t\t\t\t\t\t<h3 class=\"post-title space-bottom-small\">\n\t\t\t\t\t\t\t<a href=\"https:\/\/radiounionfamiliar.com\/?p=1\" rel=\"bookmark\">\n\t\t\t\t\t\t\t\tHello world!\t\t\t\t\t\t\t<\/a>\n\t\t\t\t\t\t<\/h3>\n\t\t\t\t\t\t<p>Welcome to WordPress. This is your first post. Edit or delete it, then start writing!<\/p>\n\t\t\t\t\t\t<a class=\"read-more link\" href=\"https:\/\/radiounionfamiliar.com\/?p=1\">\n\t\t\t\t\t\t\tRead more\t\t\t\t\t\t<\/a>\n\t\t\t\t\t<\/div>\n\t\t\t\t<\/div>\n\t\t\t<\/div>\n\t\t\t\t<\/div>\n\t<\/div><\/div> <div  class=\"row\"><div  class=\"text-center\"> <a  class=\"button color1\" data-attr-shortcode=\"href:mesmerize_blog_link\" href=\"https:\/\/radiounionfamiliar.com\/?post_type=post\">VIEW OUR BLOG<\/a><\/div> <\/div><\/div><\/div><div  id=\"contact-1\" style=\"background-color: #ffffff;\" data-label=\"Contact\" data-id=\"contact-1-mc\" data-export-id=\"contact-1-mc\" data-bullets-visibility=\"true\" data-category=\"contact\" class=\"contact-1-mc content-section content-section-spacing white-text\" data-parallax-depth=\"20\"><div  class=\"gridContainer\"> <div  class=\"row text-center\"><div  class=\"section-title-col\" data-type=\"column\"> <h5  class=\"\">conectate con nosotros<\/h5> <h2  class=\"\">Tel: 440-579-2120<br ><br >Email: Radiounionfamiliar@gmail.com<\/h2> <p  class=\"lead\">Pagina Web: Radiounionfamiliar.com, Todos los Derechos Reservado.<br >Presidente Carlos Vazquez Castellano. Christian Music<\/p><\/div> <\/div> <div  class=\"row text-center\"> <div  class=\"col-xs-12 col-sm-8 col-sm-offset-2 contact-form-wrapper inline-info\"> <div  class=\"card large-padding\"> <div  class=\"\" data-content-shortcode=\"mesmerize_contact_form\" data-editable=\"true\"><p style=\"text-align:center;color:#ababab\">Contact form will be displayed here. To activate it you have to set the \"contact form shortcode\" parameter in Customizer.<\/p><\/div><\/div> <\/div><\/div> <\/div><\/div>","protected":false},"excerpt":{"rendered":"<p>Nuestra Historia La historia del presidente de Radiounionfamiliar.com comenzando su deseo de la radio .En el 1977 al 1985 siendo un nino Carlos jugaba a tener una radio alborotando en el barrio donde viv\u00eda con unas bocinas Viejas y jugaba a que mucha gente lo escuchaban atreves de su radio.As\u00ed fue convirti\u00e9ndose en adolescente y&hellip; <br \/> <a class=\"read-more\" href=\"https:\/\/radiounionfamiliar.com\/?p=1\">Read more<\/a><\/p>\n","protected":false},"author":1,"featured_media":0,"parent":0,"menu_order":0,"comment_status":"closed","ping_status":"closed","template":"page-templates\/homepage.php","meta":{"footnotes":""},"class_list":["post-6","page","type-page","status-publish","hentry"],"_links":{"self":[{"href":"https:\/\/radiounionfamiliar.com\/index.php?rest_route=\/wp\/v2\/pages\/6","targetHints":{"allow":["GET"]}}],"collection":[{"href":"https:\/\/radiounionfamiliar.com\/index.php?rest_route=\/wp\/v2\/pages"}],"about":[{"href":"https:\/\/radiounionfamiliar.com\/index.php?rest_route=\/wp\/v2\/types\/page"}],"author":[{"embeddable":true,"href":"https:\/\/radiounionfamiliar.com\/index.php?rest_route=\/wp\/v2\/users\/1"}],"replies":[{"embeddable":true,"href":"https:\/\/radiounionfamiliar.com\/index.php?rest_route=%2Fwp%2Fv2%2Fcomments&post=6"}],"version-history":[{"count":3,"href":"https:\/\/radiounionfamiliar.com\/index.php?rest_route=\/wp\/v2\/pages\/6\/revisions"}],"predecessor-version":[{"id":34,"href":"https:\/\/radiounionfamiliar.com\/index.php?rest_route=\/wp\/v2\/pages\/6\/revisions\/34"}],"wp:attachment":[{"href":"https:\/\/radiounionfamiliar.com\/index.php?rest_route=%2Fwp%2Fv2%2Fmedia&parent=6"}],"curies":[{"name":"wp","href":"https:\/\/api.w.org\/{rel}","templated":true}]}}